{"id":48,"date":"2019-11-21T14:11:06","date_gmt":"2019-11-21T13:11:06","guid":{"rendered":"https:\/\/cef.ecbru.be\/?page_id=48"},"modified":"2026-04-28T11:29:35","modified_gmt":"2026-04-28T09:29:35","slug":"contact","status":"publish","type":"page","link":"https:\/\/www.centrefunambule.eu\/en\/contact\/","title":{"rendered":"contact"},"content":{"rendered":"<h2>\n\t\t\tcontact\t<\/h2>\n<h2>\n\t\t\tCentre Europ\u00e9en de Funambulisme\t<\/h2>\n\t<p><strong>Un projet de <\/strong><a href=\"https:\/\/www.ecbru.be\" target=\"_blank\" rel=\"noopener\"><strong>l&rsquo;\u00c9cole de Cirque de Bruxelles<\/strong><\/a><strong> asbl<\/strong><\/p>\nrue Picard 3<br \/>\n1000 Bruxelles\nt\u00e9l : 02\/640 15 71<br \/>\nfax : 02\/647 51 14<br \/>\nmail : <a href=\"mailto:info@centrefunambule.eu\">info@centrefunambule.eu<\/a>\n<p>Suivez-nous sur notre <a href=\"https:\/\/www.facebook.com\/FunambulEcbru\">page Facebook<\/a>\u00a0et sur <a href=\"https:\/\/www.instagram.com\/centrefunambule\/\">Instagram<\/a> !<\/p>\n<p>Ne manquez aucune actualit\u00e9s, inscrivez-vous \u00e0 la <a href=\"https:\/\/1b67725a.sibforms.com\/serve\/MUIFAFho7m_oDAz7VBaVcx1JgVMocCkm_DCs1cUtzwpn6RgW1A_bBz0XFjSoS9TyKGtayGShB5Rht4TZq-BKGiD_ynXWUl2fqeTCzOZIYy2m3blW6-2Tzzuzkm6v6Yju77IXzQppcuphfHuU0Dkql3Q-VxzDkLXoHdI_zx2OV5EKTvo4aM0HIiylI4yg44CbYMdSHBfuXhmUcnag\">newsletter de l&rsquo;\u00e9cole de cirque de Bruxelles<\/a>.<\/p>\n<p><strong>Pendant les beaux jours, les formations se d\u00e9roulent dans le parc de Tour &amp; Taxis, \u00e0 hauteur du pont du Boulevard du Jubil\u00e9. <\/strong><\/p>\n<p><strong>Durant l&rsquo;hiver, les cours et les stages ont lieu dans la Gare Maritime de Tour &amp; Taxis.<\/strong><\/p>\n<h3>\n\t\t\tAcc\u00e8s\t<\/h3>\n\t<strong>M\u00e9tro<\/strong>: lignes 2 &amp; 6, arr\u00eat RIBAUCOURT<br \/>\nTraverser le Boulevard L\u00e9opold II et prendre la rue Ribaucourt jusqu&rsquo;au bout. (10 min \u00e0 pied)\n<p><strong>Bus<\/strong>: lignes 14 ou 89, arr\u00eat Tour&amp;Taxis.<\/p>\n\t\t\t\t<img decoding=\"async\" src=\"https:\/\/www.centrefunambule.eu\/wp-content\/uploads\/2026\/04\/Plan-dacces-Centre-Europeen-de-funambulisme-copie-2_page-0001.jpg\" alt=\"Plan d&#039;acce\u0300s Centre Europe\u0301en de funambulisme copie 2_page-0001\" itemprop=\"image\" height=\"875\" width=\"1241\" title=\"Plan d&#039;acce\u0300s Centre Europe\u0301en de funambulisme copie 2_page-0001\" onerror=\"this.style.display='none'\" loading=\"lazy\" \/>\n\t<iframe src=\"https:\/\/www.google.com\/maps\/embed\/v1\/place?q=Centre+europ%C3%A9en+de+funambulisme%2C1080+Molenbeek-Saint-Jean&#038;key=AIzaSyD09zQ9PNDNNy9TadMuzRV_UsPUoWKntt8\" aria-hidden=\"true\"><\/iframe>","protected":false},"excerpt":{"rendered":"<p>contact Centre Europ\u00e9en de Funambulisme Un projet de l&rsquo;\u00c9cole de Cirque de Bruxelles asbl rue Picard 3 1000 Bruxelles t\u00e9l : 02\/640 15 71 fax : 02\/647 51 14 mail : info@centrefunambule.eu Suivez-nous sur notre page Facebook\u00a0et sur Instagram ! Ne manquez aucune actualit\u00e9s, inscrivez-vous \u00e0 la newsletter de l&rsquo;\u00e9cole de cirque de Bruxelles. Pendant&hellip;<\/p>","protected":false},"author":3,"featured_media":0,"parent":0,"menu_order":0,"comment_status":"closed","ping_status":"closed","template":"","meta":{"footnotes":""},"class_list":["post-48","page","type-page","status-publish","hentry"],"_links":{"self":[{"href":"https:\/\/www.centrefunambule.eu\/en\/wp-json\/wp\/v2\/pages\/48","targetHints":{"allow":["GET"]}}],"collection":[{"href":"https:\/\/www.centrefunambule.eu\/en\/wp-json\/wp\/v2\/pages"}],"about":[{"href":"https:\/\/www.centrefunambule.eu\/en\/wp-json\/wp\/v2\/types\/page"}],"author":[{"embeddable":true,"href":"https:\/\/www.centrefunambule.eu\/en\/wp-json\/wp\/v2\/users\/3"}],"replies":[{"embeddable":true,"href":"https:\/\/www.centrefunambule.eu\/en\/wp-json\/wp\/v2\/comments?post=48"}],"version-history":[{"count":8,"href":"https:\/\/www.centrefunambule.eu\/en\/wp-json\/wp\/v2\/pages\/48\/revisions"}],"predecessor-version":[{"id":1174,"href":"https:\/\/www.centrefunambule.eu\/en\/wp-json\/wp\/v2\/pages\/48\/revisions\/1174"}],"wp:attachment":[{"href":"https:\/\/www.centrefunambule.eu\/en\/wp-json\/wp\/v2\/media?parent=48"}],"curies":[{"name":"wp","href":"https:\/\/api.w.org\/{rel}","templated":true}]}}