{"id":28,"date":"2019-10-21T16:21:30","date_gmt":"2019-10-21T14:21:30","guid":{"rendered":"https:\/\/cef.ecbru.be\/?page_id=28"},"modified":"2026-03-16T10:04:17","modified_gmt":"2026-03-16T09:04:17","slug":"cours-stages","status":"publish","type":"page","link":"https:\/\/www.centrefunambule.eu\/en\/cours-stages\/","title":{"rendered":"cours &#038; stages"},"content":{"rendered":"<h2>\n\t\t\tactivit\u00e9s\t<\/h2>\n\t\t\t<a href=\"#stages\" target=\"_self\">\n\t\t\t\t\t\t\tStages\n\t\t\t\t\t<\/a>\n\t\t\t<a href=\"#cours\" target=\"_self\">\n\t\t\t\t\t\t\tCours \u00e0 l&rsquo;ann\u00e9e\n\t\t\t\t\t<\/a>\n<h2>\n\t\t\tStages funline &#038; funambulisme\t<\/h2>\n\t<p>Diff\u00e9rents stages de Funambulisme et de Funline (*) vous sont propos\u00e9s pour d\u00e9couvrir et pratiquer la marche sur c\u00e2ble avec balancier. Cette pratique m\u00e9ditative vous apportera bien-\u00eatre, am\u00e9liorera votre concentration et vous aidera \u00e0 vaincre vos peurs. Elle vous conduira vers la travers\u00e9e du canal sur un fil.<\/p>\n\t<p><em>(*) Une cr\u00e9ation du CEF : \u00a0Fusion du funambulisme et de la slackline, c&rsquo;est la marche sur une sangle de slackline avec un balancier de funambule. Elle permet de contr\u00f4ler son \u00e9quilibre avec aisance pour un apprentissage progressif.<\/em><\/p>\n\t<p>&nbsp;<\/p>\n<p>Seul\u00b7e, en famille ou entre ami\u00b7es, le funambulisme est accessible pour tous les niveaux \u00e0 partir de 12 ans.<\/p>\n\t<p>Plan d&rsquo;acc\u00e8s :<\/p>\n<p>Les formations de funambulisme s&rsquo;organisent en fonction des saisons dans la <a href=\"https:\/\/www.centrefunambule.eu\/wp-content\/uploads\/2023\/11\/Plan-dacces-CEF-Gare-maritime.pdf\">Gare Maritime<\/a> \u00e0 l&rsquo;abri des intemp\u00e9ries, ou dans le <a href=\"https:\/\/www.centrefunambule.eu\/wp-content\/uploads\/2023\/11\/Plan-dacces-CEF-Parc-TT.pdf\">Parc de Tour &amp; Taxis<\/a>.<\/p>\n<h2>\n\t\t\tProgrammation 2025-2026\t<\/h2>\n\t\n\t\n\t\t\t\n\t<h5><\/h5>\n\t\n\t\n\t<div class=\"table\">\n\t\t<table class=\"tableActivite tableStage\">\n\t\t\t<thead>\n\t\t\t\t<tr>\n\t\t\t\t<th>activit\u00e9<\/th>\n\t\t\t\t<th>horaire<\/th>\n\t\t\t\t<th>prix<\/th>\n\t\t\t\t<th>places<br \/>disponibles<\/th>\n\t\t\t\t<\/tr>\n\t\t\t<\/thead>\n\t\t\t<tbody>\n\t\t\t\t\t\n\t\t\t\t<tr>\n\t\t\t\t\t\t<td>Stage Funambulisme initiation<\/td>\n\t\t\t\t\t\t<td>\n\t\t\t\t\t\t\t\tSam&nbsp;9 - Dim&nbsp;10&nbsp;mai&nbsp;2026\n\t\t\t\t\t\t\t\t<span class=\"cirqueio_donotdisplay\"> 10h00-15h00\n\t\t\t\t\t\t\t\t<br \/>9 - 10&nbsp;mai&nbsp;2026<\/span>\n\t\t\t\t\t\t<\/td>\n\t\t\t\t\t\t<td>110&nbsp;&euro;<\/td>\n\t\t\t\t\t\t<td>11 places<\/td>\n\t\t\t\t\t\t<td>\n\t\t\t\t\t\t\t<form action=\"https:\/\/www.ecbru.be\/activites\/\" method=\"get\"><input type=\"hidden\" name=\"voir\" value=\"une-activite\"><input type=\"hidden\" name=\"code\" value=\"Fun25-26-4\"><input type=\"submit\" value=\"Inscription...\" class=\"boutonInscription\"><\/form>\n\t\t\t\t\t\t<\/td>\n\t\t\t\t\t<\/tr>\n\n\t\t\t\t\t\n\t\t\t\t<tr>\n\t\t\t\t\t\t<td>Stage Funambulisme perfectionnement<\/td>\n\t\t\t\t\t\t<td>\n\t\t\t\t\t\t\t\tSam&nbsp;9 - Dim&nbsp;10&nbsp;mai&nbsp;2026\n\t\t\t\t\t\t\t\t<span class=\"cirqueio_donotdisplay\"> 10h00-15h00\n\t\t\t\t\t\t\t\t<br \/>9 - 10&nbsp;mai&nbsp;2026<\/span>\n\t\t\t\t\t\t<\/td>\n\t\t\t\t\t\t<td>110&nbsp;&euro;<\/td>\n\t\t\t\t\t\t<td>12 places<\/td>\n\t\t\t\t\t\t<td>\n\t\t\t\t\t\t\t<form action=\"https:\/\/www.ecbru.be\/activites\/\" method=\"get\"><input type=\"hidden\" name=\"voir\" value=\"une-activite\"><input type=\"hidden\" name=\"code\" value=\"Fun25-26-5\"><input type=\"submit\" value=\"Inscription...\" class=\"boutonInscription\"><\/form>\n\t\t\t\t\t\t<\/td>\n\t\t\t\t\t<\/tr>\n\n\t\t\t\t\t\n\n\t\t\t<\/tbody>\n\t\t<\/table>\n\t<\/div>\n\n\t\t\n\t\n\n\n\t\n\n\t<p>Vos <a href=\"https:\/\/www.centrefunambule.eu\/en\/equipe\/\">formateur\u00b7ices<\/a> vous accueilleront dans la <strong>Gare Maritime<\/strong> \u00e0 <strong>Tour &amp; Taxis<\/strong>\u00a0:<\/p>\n<ul>\n<li>Samedi 9 &amp; dimanche 10 mai 2026 \u00b7 10h \u00e0 15h \u00b7 avec l&rsquo;artiste funambule L\u00e9o Schemmel &amp; Vincent Wauters<\/li>\n<\/ul>\n<p><!-- notionvc: f146744f-a6c7-45e1-9561-9e19a683e062 --><\/p>\n<p>&nbsp;<\/p>\n<p>D&rsquo;autres stages \u00e0 venir pour 2026 &gt; rejoignez-nous sur <a href=\"https:\/\/www.instagram.com\/centrefunambule\/\">instagram<\/a> ou abonnez-vous \u00e0 la <a href=\"https:\/\/1b67725a.sibforms.com\/serve\/MUIFAFho7m_oDAz7VBaVcx1JgVMocCkm_DCs1cUtzwpn6RgW1A_bBz0XFjSoS9TyKGtayGShB5Rht4TZq-BKGiD_ynXWUl2fqeTCzOZIYy2m3blW6-2Tzzuzkm6v6Yju77IXzQppcuphfHuU0Dkql3Q-VxzDkLXoHdI_zx2OV5EKTvo4aM0HIiylI4yg44CbYMdSHBfuXhmUcnag\">newsletter<\/a> de l&rsquo;\u00c9cole de cirque de Bruxelles pour ne rien manquer !<\/p>\n<h2>\n\t\t\tCours funline &#038; funambulisme\t<\/h2>\n\t<p>Le funambulisme figure parmi les plus anciennes disciplines des arts du cirque. Il exige une attention et une concentration tout \u00e0 fait particuli\u00e8res. Il s&rsquo;agit d&rsquo;une activit\u00e9 dans laquelle le corps et le cerveau sont pleinement engag\u00e9s. Cet engagement procure un r\u00e9el sentiment de bien-\u00eatre. Proche de la pleine conscience, la marche sur le fil avec balancier renforce l&rsquo;estime de soi, aide \u00e0 contr\u00f4ler ses peurs, am\u00e9liore l&rsquo;\u00e9quilibre.<\/p>\n<p>Le cours de funambulisme et de FunLine s&rsquo;organisent en fonction des saisons dans la Gare Maritime \u00e0 l&rsquo;abri du froid et des intemp\u00e9ries, ou au Centre Europ\u00e9en de Funambulisme, dans le parc de Tour &amp; Taxis<\/p>\n<p><strong>Les ateliers hebdomadaires du mardi soir<\/strong> <strong>sont accessibles \u00e0 tous les niveaux<\/strong> !<\/p>\n<p>Du 9 septembre 2025 au 2 juin 2026 (tarif pour l&rsquo;ann\u00e9e compl\u00e8te, soit 31 s\u00e9ances : 368\u20ac)<\/p>\n<ul>\n<li>de 17h30 \u00e0 19h<\/li>\n<li>de 19h \u00e0 20h30<\/li>\n<\/ul>\n<p>Les inscriptions pour l&rsquo;ann\u00e9e 2025-26 restent ouvertes toute l&rsquo;ann\u00e9e, n&rsquo;h\u00e9sitez pas \u00e0 contacter info@ecbru.be ou 0475 75 17 23 pour vous lancer dans l&rsquo;aventure !<\/p>\n\t<h4>Votre formateur<\/h4>\n<p><a href=\"https:\/\/www.centrefunambule.eu\/en\/equipe\/#ligne3\">Vincent Wauters<\/a> vous transmet sa passion pour la marche sur le fil avec balancier. Depuis les premiers pas jusqu&rsquo;\u00e0 la travers\u00e9e du canal pour les plus t\u00e9m\u00e9raires, Vincent vous apprendra \u00e0 manier cet art \u00e0 votre rythme et \u00e0 celui de votre respiration.<\/p>\n<p>La marche sur un fil avec un balancier apaise, tranquillise, relaxe le corps et l&rsquo;esprit. Les premiers pas sont pourtant inqui\u00e9tants et stressants. Ils r\u00e9activent les peurs internes. Un sentiment d&rsquo;impuissance, de mission impossible s&rsquo;\u00e9veille.<\/p>\n<p>Progressivement par un travail de respiration, de marche en aveugle, d&rsquo;introspection, de pleine conscience, l&rsquo;esprit et le corps s&rsquo;accordent positivement pour ma\u00eetriser la difficult\u00e9 et la transformer en un plaisir incommensurable.<\/p>\n<p>Des rythmes de tangos vous aideront \u00e0 oublier le vide et \u00e0 vous envoler sur le fil \u00e0 30, 50, 100cm.<\/p>\n\t\t\t\t<img decoding=\"async\" src=\"https:\/\/www.centrefunambule.eu\/wp-content\/uploads\/2021\/03\/252C62E4-5C39-4A4A-921F-7A5EB75286FA_1_105_c.jpg\" alt=\"252C62E4-5C39-4A4A-921F-7A5EB75286FA_1_105_c\" itemprop=\"image\" title=\"252C62E4-5C39-4A4A-921F-7A5EB75286FA_1_105_c\" onerror=\"this.style.display='none'\" loading=\"lazy\" \/>","protected":false},"excerpt":{"rendered":"<p>activit\u00e9s Stages Cours \u00e0 l&rsquo;ann\u00e9e Stages funline &#038; funambulisme Diff\u00e9rents stages de Funambulisme et de Funline (*) vous sont propos\u00e9s pour d\u00e9couvrir et pratiquer la marche sur c\u00e2ble avec balancier. Cette pratique m\u00e9ditative vous apportera bien-\u00eatre, am\u00e9liorera votre concentration et vous aidera \u00e0 vaincre vos peurs. Elle vous conduira vers la travers\u00e9e du canal sur&hellip;<\/p>","protected":false},"author":3,"featured_media":0,"parent":0,"menu_order":0,"comment_status":"closed","ping_status":"closed","template":"","meta":{"footnotes":""},"class_list":["post-28","page","type-page","status-publish","hentry"],"_links":{"self":[{"href":"https:\/\/www.centrefunambule.eu\/en\/wp-json\/wp\/v2\/pages\/28","targetHints":{"allow":["GET"]}}],"collection":[{"href":"https:\/\/www.centrefunambule.eu\/en\/wp-json\/wp\/v2\/pages"}],"about":[{"href":"https:\/\/www.centrefunambule.eu\/en\/wp-json\/wp\/v2\/types\/page"}],"author":[{"embeddable":true,"href":"https:\/\/www.centrefunambule.eu\/en\/wp-json\/wp\/v2\/users\/3"}],"replies":[{"embeddable":true,"href":"https:\/\/www.centrefunambule.eu\/en\/wp-json\/wp\/v2\/comments?post=28"}],"version-history":[{"count":136,"href":"https:\/\/www.centrefunambule.eu\/en\/wp-json\/wp\/v2\/pages\/28\/revisions"}],"predecessor-version":[{"id":1147,"href":"https:\/\/www.centrefunambule.eu\/en\/wp-json\/wp\/v2\/pages\/28\/revisions\/1147"}],"wp:attachment":[{"href":"https:\/\/www.centrefunambule.eu\/en\/wp-json\/wp\/v2\/media?parent=28"}],"curies":[{"name":"wp","href":"https:\/\/api.w.org\/{rel}","templated":true}]}}