{"id":166,"date":"2020-06-22T13:03:53","date_gmt":"2020-06-22T11:03:53","guid":{"rendered":"https:\/\/www.centrefunambule.eu\/?page_id=166"},"modified":"2026-04-16T08:46:01","modified_gmt":"2026-04-16T06:46:01","slug":"a-propos","status":"publish","type":"page","link":"https:\/\/www.centrefunambule.eu\/en\/a-propos\/","title":{"rendered":"\u00e0 propos"},"content":{"rendered":"\n<h2>\n\t\t\t\u00e0 propos\t<\/h2>\n<h2>\n\t\t\tLe Centre Europ\u00e9en de Funambulisme\t<\/h2>\n\t<h4>Le Funambulisme<\/h4>\n<p>&nbsp;<\/p>\n<p>Le funambulisme, c&rsquo;est la marche en \u00e9quilibre sur un fil avec l&rsquo;aide d&rsquo;un balancier.<\/p>\n<p>Merveilleux outil de d\u00e9passement de soi et de bien-\u00eatre, le funambulisme donne l&rsquo;occasion de faire face \u00e0 nos peurs, de renforcer la confiance en soi, et favorise le bien-\u00eatre physique et mental.<\/p>\n<p>Son apprentissage simple et progressif est accessible \u00e0 tou\u00b7tes, de 12 ans \u00e0 plus de 60 ans. Il demande pourtant \u00e9quilibre, ma\u00eetrise de soi et courage. Dans un monde de chaos et d&rsquo;incertitude croissants, cette discipline donne l&rsquo;occasion de faire face \u00e0 nos peurs et renforce notre confiance en soi.<\/p>\n\t\t\t\t<img decoding=\"async\" src=\"https:\/\/www.centrefunambule.eu\/wp-content\/uploads\/2021\/03\/hopla_canalcsylvie_moris_web_100dpi-88-1.jpg\" alt=\"hopla_canal(c)sylvie_moris_web_100dpi-88\" itemprop=\"image\" height=\"661\" width=\"992\" title=\"hopla_canal(c)sylvie_moris_web_100dpi-88\" onerror=\"this.style.display='none'\" loading=\"lazy\" \/>\n\t<h4>Une rencontre<\/h4>\n<p>Le Centre Europ\u00e9en de Funambulisme n\u00e9e en 2010 au sein de l&rsquo;Ecole de cirque de Bruxelles suite \u00e0 une rencontre avec le funambule Denis Josselin. Une d\u00e9couverte incroyable pour Vincent Wauters qui retrouve l&rsquo;\u00e9quilibre sur fil qu&rsquo;il avait mis de c\u00f4t\u00e9 pour se concentrer sur une autre passion, la jonglerie, sa profession il y a 40 ans.<\/p>\n<p>Fascin\u00e9 par cette discipline incroyable, accessible \u00e0 tou\u00b7tes et pourtant inconnue dans les \u00e9coles de cirque du monde entier, Vincent Wauters rel\u00e8ve le d\u00e9fi de diffuser ces jeux d&rsquo;\u00e9quilibre avec balancier, \u00e0 travers la Belgique et l&rsquo;Europe.<\/p>\n<p>Des formations et des performances pour tou\u00b7tes voient le jour. Des partenariats se forment \u00e0 travers l&rsquo;Europe.<\/p>\n<p>S\u00e9duit\u00b7es par les travers\u00e9es propos\u00e9es en Flandres, en Wallonie et \u00e0 Bruxelles, les candidat\u00b7es se multiplient. La traditionnelle travers\u00e9e du Canal sur un fil devient le \u00ab\u00a0sport europ\u00e9en\u00a0\u00bb. Des centaines d&rsquo;artistes amateur\u00b7e\u00b7s et professionnel\u00b7les, venu\u00b7es de toute l&rsquo;Europe s&rsquo;y essayent. Des milliers de spectateur\u00b7ices, install\u00e9\u00b7es sur les berges du canal les applaudissent. Le projet s\u00e9duit. Il grandit. Il s&rsquo;exporte. Rapidement une communaut\u00e9 de funambules se cr\u00e9e \u00e0 travers l&rsquo;Europe.<\/p>\n\t\t\t\t<img decoding=\"async\" src=\"https:\/\/www.centrefunambule.eu\/wp-content\/uploads\/2021\/03\/formations-12.jpg\" alt=\"formations-12\" itemprop=\"image\" height=\"900\" width=\"1200\" title=\"formations-12\" onerror=\"this.style.display='none'\" loading=\"lazy\" \/>\n\t<h4>Deux sites de formation et d&rsquo;entra\u00eenement<\/h4>\n<p>En plein air. Lors des beaux jours, les funambules s&rsquo;entra\u00eenent dans l&rsquo;<strong>Espace Fun-Fil<\/strong> am\u00e9nag\u00e9 dans le parc de Tour &amp; Taxis. Dix c\u00e2bles install\u00e9s en permanence de 30cm \u00e0 4m de hauteur accueillent les mordu\u00b7es de jeux d&rsquo;\u00e9quilibre avec ou sans balancier.<\/p>\n<p>A l&rsquo;abri. Depuis Septembre 2020, des cours hebdomadaires de FunLine sont assur\u00e9s dans l&rsquo;immense et magnifique Gare Maritime de Tour &amp; Taxis. Un fil p\u00e9renne \u00e0 5m de haut install\u00e9 depuis mars 2021 pr\u00e9pare les candidat\u00b7es \u00e0 la travers\u00e9e du canal.<\/p>\n\n<h4>Deux disciplines<\/h4>\n<p><strong>Funambulisme\u00a0: <\/strong>la marche sur un c\u00e2ble avec un balancier<\/p>\n<p><strong>FunLine\u00a0:<\/strong> la marche sur une slackline avec un balancier.<\/p>\n<p>La seconde discipline plus souple et plus l\u00e9g\u00e8re de transport et d&rsquo;installation pr\u00e9pare les candidat\u00b7es funambules \u00e0 la premi\u00e8re.<\/p>\n\t<h4>Un soutien belge et europ\u00e9en<\/h4>\n<p>Soutenu par la Ville de Bruxelles, la R\u00e9gion de Bruxelles-Capitale, la F\u00e9d\u00e9ration Wallonie-Bruxelles et le Port de Bruxelles, le Centre Europ\u00e9en de Funambulisme poursuit ses objectifs : rendre cette discipline magique accessible \u00e0 tou\u00b7tes, jeunes et plus \u00e2g\u00e9\u00b7es, de tous les milieux, de toutes les origines, de tous les genres.<\/p>\n<p>Le Centre Europ\u00e9en de Funambulisme s&rsquo;exporte \u00e0 l&rsquo;international : des partenariats se forment et des projets europ\u00e9ens voient le jour. Les programmes Erasmus+ de la Commission Europ\u00e9enne financent r\u00e9guli\u00e8rement des formations d&rsquo;initiateur\u00b7ices en funambulisme.<\/p>\n<h3>\n\t\t\tUn peu d&rsquo;histoire\t<\/h3>\n\tL&rsquo;origine des funambules remonte \u00e0 la Gr\u00e8ce et \u00e0 la Rome Antique. Le mot funambule vient d&rsquo;ailleurs du latin funis- la corde et\u00a0 ambulare- marcher.<br \/>\n<strong>Au Moyen \u00c2ge<\/strong>, nombreux\u00b7euses \u00e9taient les funambules qui se produisaient dans les foires et les f\u00eates. Le\u00b7la funambule actuel\u00b7le est l&rsquo;h\u00e9ritier\u00b7\u00e8re des danseur\u00b7euses de corde des XVIII\u00e8me et XIX\u00e8me si\u00e8cles. On retrouve de nombreux noms dans les livres retra\u00e7ant l&rsquo;histoire de cette pratique et on peut r\u00e9aliser que cet art a gagn\u00e9 ses lettres de noblesse depuis de longues ann\u00e9es d\u00e9j\u00e0.\n<p>On diff\u00e9rencie le\u00b7la funambule de l&rsquo;artiste fildef\u00e9riste par la hauteur \u00e0 laquelle il\u00b7elle \u00e9volue (rarement moins de 7 m\u00e8tres pour le\u00b7la funambule ; maximum 3 m\u00e8tres pour le\u00b7la fildef\u00e9riste) ainsi que par le balancier qu&rsquo;il\u00b7elle utilise pour l&rsquo;aider dans sa recherche d&rsquo;\u00e9quilibre.<\/p>\n<p><strong>Le jultagi<\/strong> est la forme cor\u00e9enne traditionnelle de marche sur le fil tandis que la slackline est plut\u00f4t une pratique sportive sur sangle l\u00e9g\u00e8rement \u00e9lastique o\u00f9 le\u00b7la protagoniste \u00e9volue sans aide \u00e0 la stabilisation.<\/p>\n\t<blockquote><em>\u00ab\u00a0Le fil (&#8230;) lie l&rsquo;acrobate \u00e0 une extr\u00eame ma\u00eetrise du vide et lui permet de s&rsquo;affranchir de l&rsquo;apesanteur.<\/em><br \/>\n<em>Il faut distinguer le travail du fildef\u00e9riste ex\u00e9cut\u00e9 sur un c\u00e2ble ou une corde \u00e0 plus ou moins deux m\u00e8tres du sol de celui du funambule qui ne connait pas ou peu de limites. La travers\u00e9e des Chutes du Niagara par Blondin [Jean-Fran\u00e7ois Gravelet] ou celle des Tours Jumelles du World Trade Center \u00e0 New York par Philippe Petit sont des exploits qui vont au-del\u00e0 de la prouesse circassienne, mais qui d\u00e9coulent de la m\u00eame source\u00a0: vaincre le vide et s&rsquo;apparenter ainsi au surhomme nietzsch\u00e9en capable de franchir les ab\u00eemes de l&rsquo;existence en \u00e9quilibre pr\u00e9caire sur un \u00e9troit fil tendu entre les rives de l&rsquo;incertitude.\u00a0(&#8230;) En popularisant l&rsquo;incroyable pyramide \u00e0 sept personnes progressant ensemble sur un c\u00e2ble \u00e0 grande hauteur, les Triska et les Wallenda ont donn\u00e9 au funambulisme un caract\u00e8re sensationnel qui lui a permis de renouer avec la fascination que les danseurs de corde de la premi\u00e8re heure exer\u00e7aient sur leur public\u00a0 du Moyen \u00c2ge ou de la Renaissance.\u00a0\u00bb<\/em><\/blockquote>\n<p><em>Extrait du livre \u00ab\u00a0Le Cirque, du th\u00e9\u00e2tre \u00e9questre aux arts de la piste\u00a0\u00bb de Pascal Jacob, \u00e9d. Larousse<\/em><\/p>\n<h4>\n\t\t\tR\u00e9f\u00e9rences bibliographiques\t<\/h4>\n\t\u00ab Petit Trait\u00e9 du Funambulisme \u00bb de Philippe Petit<br \/>\n\u00ab\u00a0La Passion du Cirque\u00a0\u00bb de David Jamieson et Sandy Davidson<br \/>\n\u00ab\u00a0Histoire mondiale du Cirque\u00a0\u00bb de Dominique Jando<br \/>\n\u00ab\u00a0Le Cirque, du Th\u00e9\u00e2tre \u00e9questre aux Arts de la piste de Pascal Jacob<br \/>\n\u00ab\u00a0Les Funambules\u00a0\u00bb de Antoine Bello\n<h4>\n\t\t\tQuelques noms c\u00e9l\u00e8bres\t<\/h4>\n\tMadame Saqui (danseuse de corde)<br \/>\nBlondin [Jean-Fran\u00e7ois\u00a0 Gravelet]<br \/>\nMaria Spelterini<br \/>\nKarl Wallenda<br \/>\nMichel Menin<br \/>\nPhilippe Petit<br \/>\nDidier Pasquette<br \/>\nDenis Josselin\n\n","protected":false},"excerpt":{"rendered":"<p>\u00e0 propos Le Centre Europ\u00e9en de Funambulisme Le Funambulisme &nbsp; Le funambulisme, c&rsquo;est la marche en \u00e9quilibre sur un fil avec l&rsquo;aide d&rsquo;un balancier. Merveilleux outil de d\u00e9passement de soi et de bien-\u00eatre, le funambulisme donne l&rsquo;occasion de faire face \u00e0 nos peurs, de renforcer la confiance en soi, et favorise le bien-\u00eatre physique et&hellip;<\/p>","protected":false},"author":3,"featured_media":0,"parent":0,"menu_order":0,"comment_status":"closed","ping_status":"closed","template":"","meta":{"footnotes":""},"class_list":["post-166","page","type-page","status-publish","hentry"],"_links":{"self":[{"href":"https:\/\/www.centrefunambule.eu\/en\/wp-json\/wp\/v2\/pages\/166","targetHints":{"allow":["GET"]}}],"collection":[{"href":"https:\/\/www.centrefunambule.eu\/en\/wp-json\/wp\/v2\/pages"}],"about":[{"href":"https:\/\/www.centrefunambule.eu\/en\/wp-json\/wp\/v2\/types\/page"}],"author":[{"embeddable":true,"href":"https:\/\/www.centrefunambule.eu\/en\/wp-json\/wp\/v2\/users\/3"}],"replies":[{"embeddable":true,"href":"https:\/\/www.centrefunambule.eu\/en\/wp-json\/wp\/v2\/comments?post=166"}],"version-history":[{"count":17,"href":"https:\/\/www.centrefunambule.eu\/en\/wp-json\/wp\/v2\/pages\/166\/revisions"}],"predecessor-version":[{"id":1161,"href":"https:\/\/www.centrefunambule.eu\/en\/wp-json\/wp\/v2\/pages\/166\/revisions\/1161"}],"wp:attachment":[{"href":"https:\/\/www.centrefunambule.eu\/en\/wp-json\/wp\/v2\/media?parent=166"}],"curies":[{"name":"wp","href":"https:\/\/api.w.org\/{rel}","templated":true}]}}