{"id":12,"date":"2019-04-12T13:41:17","date_gmt":"2019-04-12T11:41:17","guid":{"rendered":"https:\/\/cef.ecbru.be\/?page_id=12"},"modified":"2026-04-28T12:37:39","modified_gmt":"2026-04-28T10:37:39","slug":"accueil","status":"publish","type":"page","link":"https:\/\/www.centrefunambule.eu\/en\/","title":{"rendered":"Accueil"},"content":{"rendered":"<h1>\n\t\t\tCentre Europ\u00e9en de Funambulisme\t<\/h1>\n\t\t<h1>Bienvenue !<\/h1><p>&nbsp;<\/p>\n<p><a href=\"https:\/\/www.centrefunambule.eu\/en\/cours-stages\/\">Ateliers \u00e0 l&rsquo;ann\u00e9e et stages<\/a> pour toustes, <a href=\"https:\/\/www.centrefunambule.eu\/en\/traversees\/\">travers\u00e9es<\/a>, <a href=\"https:\/\/www.centrefunambule.eu\/en\/traversees\/\">performances sur mesure<\/a> pour vos \u00e9v\u00e8nements, <a href=\"https:\/\/www.centrefunambule.eu\/en\/traversees\/\">team buildings<\/a>, ou encore <a href=\"https:\/\/www.centrefunambule.eu\/en\/traversees\/\">r\u00e9sidences artistiques<\/a> : le Centre Europ\u00e9en de Funambulisme pose ses fils partout.<\/p>\n<p>D\u00e9couvrez nos activit\u00e9s, trouvez la v\u00f4tre, et vous aussi devenez funambule !<\/p>\n\t\t<iframe loading=\"lazy\" width=\"560\" height=\"315\" src=\"https:\/\/www.youtube.com\/embed\/IQQY8Hq_yPI?si=r2uY6X-wKdpgswij\" title=\"YouTube video player\" frameborder=\"0\" allow=\"accelerometer; autoplay; clipboard-write; encrypted-media; gyroscope; picture-in-picture; web-share\" allowfullscreen><\/iframe>\t\n\t\t<h3>Restez au courant de nos actualit\u00e9s funambules !<\/h3><p>Souscrivez \u00e0 la newsletter de l&rsquo;\u00e9cole de cirque de Bruxelles et ne manquez plus aucune actualit\u00e9.<\/p>\n\t\t\t<a href=\"https:\/\/1b67725a.sibforms.com\/serve\/MUIFAFho7m_oDAz7VBaVcx1JgVMocCkm_DCs1cUtzwpn6RgW1A_bBz0XFjSoS9TyKGtayGShB5Rht4TZq-BKGiD_ynXWUl2fqeTCzOZIYy2m3blW6-2Tzzuzkm6v6Yju77IXzQppcuphfHuU0Dkql3Q-VxzDkLXoHdI_zx2OV5EKTvo4aM0HIiylI4yg44CbYMdSHBfuXhmUcnag\" target=\"_blank\" rel=\"noopener\">\n\t\t\t\t\t\t\tJe m&rsquo;abonne\n\t\t\t\t\t<\/a>","protected":false},"excerpt":{"rendered":"<p>Centre Europ\u00e9en de Funambulisme Bienvenue ! &nbsp; Ateliers \u00e0 l&rsquo;ann\u00e9e et stages pour toustes, travers\u00e9es, performances sur mesure pour vos \u00e9v\u00e8nements, team buildings, ou encore r\u00e9sidences artistiques : le Centre Europ\u00e9en de Funambulisme pose ses fils partout. D\u00e9couvrez nos activit\u00e9s, trouvez la v\u00f4tre, et vous aussi devenez funambule ! Restez au courant de nos actualit\u00e9s&hellip;<\/p>","protected":false},"author":3,"featured_media":0,"parent":0,"menu_order":0,"comment_status":"closed","ping_status":"closed","template":"","meta":{"footnotes":""},"class_list":["post-12","page","type-page","status-publish","hentry"],"_links":{"self":[{"href":"https:\/\/www.centrefunambule.eu\/en\/wp-json\/wp\/v2\/pages\/12","targetHints":{"allow":["GET"]}}],"collection":[{"href":"https:\/\/www.centrefunambule.eu\/en\/wp-json\/wp\/v2\/pages"}],"about":[{"href":"https:\/\/www.centrefunambule.eu\/en\/wp-json\/wp\/v2\/types\/page"}],"author":[{"embeddable":true,"href":"https:\/\/www.centrefunambule.eu\/en\/wp-json\/wp\/v2\/users\/3"}],"replies":[{"embeddable":true,"href":"https:\/\/www.centrefunambule.eu\/en\/wp-json\/wp\/v2\/comments?post=12"}],"version-history":[{"count":87,"href":"https:\/\/www.centrefunambule.eu\/en\/wp-json\/wp\/v2\/pages\/12\/revisions"}],"predecessor-version":[{"id":1181,"href":"https:\/\/www.centrefunambule.eu\/en\/wp-json\/wp\/v2\/pages\/12\/revisions\/1181"}],"wp:attachment":[{"href":"https:\/\/www.centrefunambule.eu\/en\/wp-json\/wp\/v2\/media?parent=12"}],"curies":[{"name":"wp","href":"https:\/\/api.w.org\/{rel}","templated":true}]}}